{"id":1028,"date":"2023-11-14T14:31:40","date_gmt":"2023-11-14T14:31:40","guid":{"rendered":"https:\/\/cadaquesrentaboat.com\/?page_id=1028"},"modified":"2023-11-27T14:03:23","modified_gmt":"2023-11-27T14:03:23","slug":"oferta2024","status":"publish","type":"page","link":"https:\/\/cadaquesrentaboat.com\/en\/oferta2024","title":{"rendered":"Oferta 2024"},"content":{"rendered":"<p>[et_pb_section fb_built=&#8221;1&#8243; _builder_version=&#8221;4.21.0&#8243; _module_preset=&#8221;default&#8221; background_color=&#8221;#000000&#8243; background_image=&#8221;https:\/\/cadaquesrentaboat.com\/wp-content\/uploads\/2023\/04\/DRONE-5-scaled.jpg&#8221; background_blend=&#8221;screen&#8221; custom_margin=&#8221;-48px|||||&#8221; global_colors_info=&#8221;{}&#8221;][et_pb_row _builder_version=&#8221;4.21.0&#8243; _module_preset=&#8221;default&#8221; global_colors_info=&#8221;{}&#8221;][et_pb_column type=&#8221;4_4&#8243; _builder_version=&#8221;4.21.0&#8243; _module_preset=&#8221;default&#8221; global_colors_info=&#8221;{}&#8221;][et_pb_text _builder_version=&#8221;4.21.0&#8243; _module_preset=&#8221;default&#8221; background_layout=&#8221;dark&#8221; global_colors_info=&#8221;{}&#8221;]<\/p>\n<h2 style=\"text-align: center;\"><strong>Experi\u00e8ncies Cadaqu\u00e9s Rent a Boat<\/strong><\/h2>\n<h4 style=\"text-align: center;\"><strong>Ja Hi tornem + Nit Rom\u00e0ntica<\/strong><\/h4>\n<p>[\/et_pb_text][et_pb_image src=&#8221;https:\/\/cadaquesrentaboat.com\/wp-content\/uploads\/2023\/11\/Code-30-Blackfriday2023-1.png&#8221; alt=&#8221;oferta&#8221; title_text=&#8221;Code 30% Blackfriday2023 (1)&#8221; _builder_version=&#8221;4.21.0&#8243; _module_preset=&#8221;default&#8221; global_colors_info=&#8221;{}&#8221;][\/et_pb_image][et_pb_text _builder_version=&#8221;4.21.0&#8243; _module_preset=&#8221;default&#8221; background_layout=&#8221;dark&#8221; global_colors_info=&#8221;{}&#8221;]<\/p>\n<div style=\"text-align: center;\"><strong>Viu Cadaqu\u00e9s i el Cap de Creus des del cor de la seva ess\u00e8ncia, el mar!<\/strong><\/div>\n<div style=\"text-align: center;\"><strong>Lloga la nostra embarcaci\u00f3 per un m\u00ednim de tres dies, i aix\u00ed viure l&#8217;experi\u00e8ncia di\u00fcrnes i nocturna d&#8217;aquest parad\u00eds de flora i fauna.<\/strong><\/div>\n<div style=\"text-align: center;\"><\/div>\n<div style=\"text-align: center;\"><strong>De dia, descobreix les cales d&#8217;aig\u00fces\u00a0turqueses, i navega per tot el parc natural del Cap de Creus. De Taballera\u00a0a Montjoi, de Roses a Port de la Selva, o aventura&#8217;t a arribar fins a les illes medes.<\/strong><\/div>\n<div style=\"text-align: center;\"><\/div>\n<div style=\"text-align: center;\"><strong>De nit, pernocta a la boia de Port Lligat, o a les cales m\u00e9s id\u00edl\u00b7liques del parc natural. Una oportunitat \u00fanica per a descobrir el fenomen del pl\u00e0ncton luminescent, que s&#8217;il\u00b7lumina al teu voltant al banyar-te al mar quan \u00e9s negra nit.<\/strong><\/div>\n<div style=\"text-align: center;\"><strong>A m\u00e9s, observar les estrelles a bord quan ets lluny de la contaminaci\u00f3 lum\u00ednica, \u00e9s m\u00e0gic, sobretot en les nits de pluja d&#8217;estels.<\/strong><\/div>\n<p>[\/et_pb_text][et_pb_button button_url=&#8221;https:\/\/www.planyo.com\/booking.php?calendar=65124&#038;custom-language=CA&#038;attribute_string=resource_id%3D227626%26mode%3Dresource_details%26lang%3DCA&#8221; url_new_window=&#8221;on&#8221; button_text=&#8221;Reservar Aqu\u00ed&#8221; button_alignment=&#8221;center&#8221; _builder_version=&#8221;4.21.0&#8243; _module_preset=&#8221;default&#8221; background_layout=&#8221;dark&#8221; global_colors_info=&#8221;{}&#8221;][\/et_pb_button][\/et_pb_column][\/et_pb_row][\/et_pb_section]<\/p>\n","protected":false},"excerpt":{"rendered":"<p>[et_pb_section fb_built=&#8221;1&#8243; _builder_version=&#8221;4.21.0&#8243; _module_preset=&#8221;default&#8221; background_color=&#8221;#000000&#8243; background_image=&#8221;https:\/\/cadaquesrentaboat.com\/wp-content\/uploads\/2023\/04\/DRONE-5-scaled.jpg&#8221; background_blend=&#8221;screen&#8221; custom_margin=&#8221;-48px|||||&#8221; global_colors_info=&#8221;{}&#8221;][et_pb_row _builder_version=&#8221;4.21.0&#8243; _module_preset=&#8221;default&#8221; global_colors_info=&#8221;{}&#8221;][et_pb_column type=&#8221;4_4&#8243; _builder_version=&#8221;4.21.0&#8243; _module_preset=&#8221;default&#8221; global_colors_info=&#8221;{}&#8221;][et_pb_text _builder_version=&#8221;4.21.0&#8243; _module_preset=&#8221;default&#8221; background_layout=&#8221;dark&#8221; global_colors_info=&#8221;{}&#8221;] Experi\u00e8ncies Cadaqu\u00e9s Rent a Boat Ja Hi tornem + Nit Rom\u00e0ntica [\/et_pb_text][et_pb_image src=&#8221;https:\/\/cadaquesrentaboat.com\/wp-content\/uploads\/2023\/11\/Code-30-Blackfriday2023-1.png&#8221; alt=&#8221;oferta&#8221; title_text=&#8221;Code 30% Blackfriday2023 (1)&#8221; _builder_version=&#8221;4.21.0&#8243; _module_preset=&#8221;default&#8221; global_colors_info=&#8221;{}&#8221;][\/et_pb_image][et_pb_text _builder_version=&#8221;4.21.0&#8243; _module_preset=&#8221;default&#8221; background_layout=&#8221;dark&#8221; global_colors_info=&#8221;{}&#8221;] Viu Cadaqu\u00e9s i el Cap de Creus des del cor [&hellip;]<\/p>\n","protected":false},"author":1,"featured_media":1055,"parent":0,"menu_order":0,"comment_status":"closed","ping_status":"closed","template":"","meta":{"footnotes":""},"class_list":["post-1028","page","type-page","status-publish","has-post-thumbnail","hentry"],"_links":{"self":[{"href":"https:\/\/cadaquesrentaboat.com\/en\/wp-json\/wp\/v2\/pages\/1028","targetHints":{"allow":["GET"]}}],"collection":[{"href":"https:\/\/cadaquesrentaboat.com\/en\/wp-json\/wp\/v2\/pages"}],"about":[{"href":"https:\/\/cadaquesrentaboat.com\/en\/wp-json\/wp\/v2\/types\/page"}],"author":[{"embeddable":true,"href":"https:\/\/cadaquesrentaboat.com\/en\/wp-json\/wp\/v2\/users\/1"}],"replies":[{"embeddable":true,"href":"https:\/\/cadaquesrentaboat.com\/en\/wp-json\/wp\/v2\/comments?post=1028"}],"version-history":[{"count":18,"href":"https:\/\/cadaquesrentaboat.com\/en\/wp-json\/wp\/v2\/pages\/1028\/revisions"}],"predecessor-version":[{"id":1122,"href":"https:\/\/cadaquesrentaboat.com\/en\/wp-json\/wp\/v2\/pages\/1028\/revisions\/1122"}],"wp:featuredmedia":[{"embeddable":true,"href":"https:\/\/cadaquesrentaboat.com\/en\/wp-json\/wp\/v2\/media\/1055"}],"wp:attachment":[{"href":"https:\/\/cadaquesrentaboat.com\/en\/wp-json\/wp\/v2\/media?parent=1028"}],"curies":[{"name":"wp","href":"https:\/\/api.w.org\/{rel}","templated":true}]}}