{"id":3092,"date":"2025-05-30T19:52:55","date_gmt":"2025-05-30T19:52:55","guid":{"rendered":"https:\/\/cadaquesrentaboat.com\/?page_id=3092"},"modified":"2025-05-30T19:57:42","modified_gmt":"2025-05-30T19:57:42","slug":"politica-de-devolucions","status":"publish","type":"page","link":"https:\/\/cadaquesrentaboat.com\/es\/politica-de-devolucions","title":{"rendered":"Pol\u00edtica de Devolucions"},"content":{"rendered":"<div data-elementor-type=\"wp-page\" data-elementor-id=\"3092\" class=\"elementor elementor-3092\" data-elementor-post-type=\"page\">\n\t\t\t\t\t\t<section class=\"elementor-section elementor-top-section elementor-element elementor-element-61a39a1 elementor-section-boxed elementor-section-height-default elementor-section-height-default\" data-id=\"61a39a1\" data-element_type=\"section\" data-e-type=\"section\" data-settings=\"{&quot;jet_parallax_layout_list&quot;:[]}\">\n\t\t\t\t\t\t<div class=\"elementor-container elementor-column-gap-default\">\n\t\t\t\t\t<div class=\"elementor-column elementor-col-100 elementor-top-column elementor-element elementor-element-d02c15d\" data-id=\"d02c15d\" data-element_type=\"column\" data-e-type=\"column\">\n\t\t\t<div class=\"elementor-widget-wrap elementor-element-populated\">\n\t\t\t\t\t\t<div class=\"elementor-element elementor-element-2c65e5c elementor-widget elementor-widget-heading\" data-id=\"2c65e5c\" data-element_type=\"widget\" data-e-type=\"widget\" data-widget_type=\"heading.default\">\n\t\t\t\t<div class=\"elementor-widget-container\">\n\t\t\t\t\t<h2 class=\"elementor-heading-title elementor-size-default\">Pol\u00edtica de Devolucions\n<\/h2>\t\t\t\t<\/div>\n\t\t\t\t<\/div>\n\t\t\t\t<div class=\"elementor-element elementor-element-561ac52 elementor-widget elementor-widget-text-editor\" data-id=\"561ac52\" data-element_type=\"widget\" data-e-type=\"widget\" data-widget_type=\"text-editor.default\">\n\t\t\t\t<div class=\"elementor-widget-container\">\n\t\t\t\t\t\t\t\t\t<p>En Cadaqu\u00e9s Rent en Boat queremos que disfrutes del mar con toda tranquilidad. Por eso ofrecemos una<br \/>garant\u00eda de cancelaci\u00f3n que te protege frente a imprevistos.<br \/>Si has contractat la Garantia Meteo, tindr\u00e0s dret al reemborsament \u00edntegre de l&#8217;import del lloguer i<br \/>dels extres en els seg\u00fcents casos:<br \/>Mal temps: si les condicions meteorol\u00f2giques impedeixen la navegaci\u00f3 amb seguretat (vents<br \/>fuertes, oleaje, tormentas\u2026), te devolveremos el importe del alquiler.<br \/>Cancel\u00b7laci\u00f3 anticipada: si cancel\u00b7les la teva reserva fins a 72 hores abans de l\u2019embarcament, et<br \/>reemborsarem l\u2019import Integre del lloguer.<br \/>Important: El cost de la garantia no \u00e9s reemborsable, aquesta cobreix l\u2019import del lloguer i dels<br \/>extres.<br \/>Si no has contractat l\u2019asseguran\u00e7a, en cas de mal temps, no es far\u00e0 cap devoluci\u00f3, per\u00f2 et<br \/>proposarem una nova data per realitzar l\u2019activitat, sempre segons disponibilitat. No es garanteix la<br \/>possibilitat de canvi si no hi ha dates alternatives disponibles.<br \/>Les cancel\u00b7lacions sense asseguran\u00e7a no tenen dret a reemborsament 24 hores despr\u00e9s d\u2019haverla realitzat.<br \/>Per qualsevol dubte o per gestionar una cancel\u00b7laci\u00f3, posa\u2019t en contacte amb nosaltres tan aviat<br \/>com puguis.<\/p>\t\t\t\t\t\t\t\t<\/div>\n\t\t\t\t<\/div>\n\t\t\t\t\t<\/div>\n\t\t<\/div>\n\t\t\t\t\t<\/div>\n\t\t<\/section>\n\t\t\t\t<\/div>","protected":false},"excerpt":{"rendered":"<p>Pol\u00edtica de Devolucions A Cadaqu\u00e9s Rent a Boat volem que gaudeixis del mar amb tota tranquil\u00b7litat. Per aix\u00f2 oferim unagarant\u00eda de cancel\u00b7laci\u00f3 que et protegeix davant imprevistos.Si has contractat la Garantia Meteo, tindr\u00e0s dret al reemborsament \u00edntegre de l&#8217;import del lloguer idels extres en els seg\u00fcents casos:Mal temps: si les condicions meteorol\u00f2giques impedeixen la navegaci\u00f3 [&hellip;]<\/p>\n","protected":false},"author":3,"featured_media":0,"parent":0,"menu_order":0,"comment_status":"closed","ping_status":"closed","template":"elementor_header_footer","meta":{"footnotes":""},"class_list":["post-3092","page","type-page","status-publish","hentry"],"_links":{"self":[{"href":"https:\/\/cadaquesrentaboat.com\/es\/wp-json\/wp\/v2\/pages\/3092","targetHints":{"allow":["GET"]}}],"collection":[{"href":"https:\/\/cadaquesrentaboat.com\/es\/wp-json\/wp\/v2\/pages"}],"about":[{"href":"https:\/\/cadaquesrentaboat.com\/es\/wp-json\/wp\/v2\/types\/page"}],"author":[{"embeddable":true,"href":"https:\/\/cadaquesrentaboat.com\/es\/wp-json\/wp\/v2\/users\/3"}],"replies":[{"embeddable":true,"href":"https:\/\/cadaquesrentaboat.com\/es\/wp-json\/wp\/v2\/comments?post=3092"}],"version-history":[{"count":4,"href":"https:\/\/cadaquesrentaboat.com\/es\/wp-json\/wp\/v2\/pages\/3092\/revisions"}],"predecessor-version":[{"id":3097,"href":"https:\/\/cadaquesrentaboat.com\/es\/wp-json\/wp\/v2\/pages\/3092\/revisions\/3097"}],"wp:attachment":[{"href":"https:\/\/cadaquesrentaboat.com\/es\/wp-json\/wp\/v2\/media?parent=3092"}],"curies":[{"name":"wp","href":"https:\/\/api.w.org\/{rel}","templated":true}]}}